{"id":691,"date":"2011-04-11T19:33:11","date_gmt":"2011-04-11T17:33:11","guid":{"rendered":"http:\/\/www.kendogroningen.nl\/wordpress\/?page_id=691"},"modified":"2011-04-11T19:33:11","modified_gmt":"2011-04-11T17:33:11","slug":"shinbukan-norske","status":"publish","type":"page","link":"https:\/\/www.kendogroningen.nl\/wordpress\/?page_id=691","title":{"rendered":"Shinbukan &#8211; Norske"},"content":{"rendered":"<p><strong>Velkommen til foreningen Shin Bu Kan!<\/strong><\/p>\n<p><strong>Foreningen<br \/>\n<\/strong>Foreningen Shin Bu Kan ble opprettet av Anton Kemmerling og Jan Ssnakenborg i 1975 og utgj\u00f8r en del av Nederlandse Kendo Renmei (landets overkoblende organ som igjen er sluttet til den Europeiske Kendo F\u00f8derasjonen og Oosterse Gevechtsporten osv.). Willem Riesenkamp er dojoleder og innehar graden 4. dan i likhet med Andreas Kroeze, som fungerer som l\u00e6rer. Andreas var medlem av det nederlandske laget og deltok i VM Kendo i Taipei. Varadojoleder er Frley Fakur, 3.dan i b\u00e5de kendo, jodo og iaido. Flere av de som trener har rangen kyu eller dan.<\/p>\n<p>Det trener i snitt ca 10 uten grad, 2 med 1. kyu, 4 med 1.dan, 3 med 2.dan, 1 med 3. dan og 2 med 4.dan.<br \/>\nDet viktigste er \u00f8nket om \u00e5 utvikle en selv gjennom kendo<br \/>\nForeningens motto er som f\u00f8lger:<br \/>\n<em>\u201dDet er ingen skam \u00e5 g\u00e5 langsomt fremover. Det er dog en skam, \u00e5 bli st\u00e5ende.\u201d<\/em><\/p>\n<p>Hvis du trener ved en annen klubb i inn- eller utland er du hjertelig velkommen til \u00e5 komme \u00e5 trene sammen med oss. Vi gir dog ikke privattimer.<\/p>\n<p><strong>Kontakter<\/strong><br \/>\nVi har tette b\u00e5nd med kendoklubbene i Meppel, Maastricht, Seikenjuku i Oldenburg og Noru-ken i Dietzenbach (i n\u00e6rheten av Frankfurt). Tidligere har vi trent et par dager sammen med foreningen i Narbonne, p\u00e5 linken <a href=\"http:\/\/en.kendincos.net\/video-vhftvndl-sport-kendo-narbonne.html\">http:\/\/en.kendincos.net\/video-vhftvndl-sport-kendo-narbonne.html<\/a> kan man se en samtrening og et intervju med l\u00e6reren Francis Saget.<\/p>\n<p>Via en utvekslingsstudent er koblet opp med Ikedashi Kendo Iaido Association i Ikedacity, Osaka, Japan.<\/p>\n<p><strong>Kontaktinformasjon Dojoleder:<\/strong><br \/>\nWillem Riesenkamp<br \/>\nTlf: 050-3130684<br \/>\nEmail: <a href=\"mailto:willem@wilbo.demon.nl\">willem@wilbo.demon.nl<\/a><\/p>\n<p>Webmaster:<br \/>\nWim Horenberg<br \/>\nemail: <a href=\"mailto:w.j.horenberg@home.nl\">w.j.horenberg@home.nl<\/a><\/p>\n<p><strong>Treningstider<br \/>\n<\/strong>Du kan bes\u00f8ke oss p\u00e5 tirsdager mellom kl 2000-2100 for nybegynnere, 2100-2200 for viderekomne. P\u00e5 l\u00f8rdager mellom 1100-1300 trener viderekomne.\u00a0<\/p>\n<p><strong>Lokasjon Dojo:<\/strong><br \/>\nVi trener i en tidligere kirke, Sionskirken.<br \/>\nAdressen: Korreweg 198 Groningen<\/p>\n<p>Bilde med en link\/kart fra Google Maps<br \/>\n<iframe loading=\"lazy\" width=\"425\" height=\"350\" frameborder=\"0\" scrolling=\"no\" marginheight=\"0\" marginwidth=\"0\" src=\"http:\/\/maps.google.nl\/maps?f=q&amp;source=s_q&amp;hl=nl&amp;geocode=&amp;q=Korreweg+198,+Korrewegbuurt,+Groningen&amp;aq=0&amp;sll=52.950287,5.946683&amp;sspn=0.639591,2.108002&amp;ie=UTF8&amp;hq=&amp;hnear=Korreweg+198,+Korrewegbuurt,+Groningen&amp;z=14&amp;ll=53.231669,6.571347&amp;output=embed\"><\/iframe><br \/><small><a href=\"http:\/\/maps.google.nl\/maps?f=q&amp;source=embed&amp;hl=nl&amp;geocode=&amp;q=Korreweg+198,+Korrewegbuurt,+Groningen&amp;aq=0&amp;sll=52.950287,5.946683&amp;sspn=0.639591,2.108002&amp;ie=UTF8&amp;hq=&amp;hnear=Korreweg+198,+Korrewegbuurt,+Groningen&amp;z=14&amp;ll=53.231669,6.571347\" style=\"color:#0000FF;text-align:left\">Grotere kaart weergeven<\/a><\/small><\/p>\n","protected":false},"excerpt":{"rendered":"<p>Velkommen til foreningen Shin Bu Kan! Foreningen Foreningen Shin Bu Kan ble opprettet av Anton Kemmerling og Jan Ssnakenborg i 1975 og utgj\u00f8r en del av Nederlandse Kendo Renmei (landets [&hellip;]<\/p>\n","protected":false},"author":25,"featured_media":0,"parent":0,"menu_order":0,"comment_status":"open","ping_status":"open","template":"","meta":{"footnotes":""},"class_list":["post-691","page","type-page","status-publish","hentry"],"_links":{"self":[{"href":"https:\/\/www.kendogroningen.nl\/wordpress\/index.php?rest_route=\/wp\/v2\/pages\/691","targetHints":{"allow":["GET"]}}],"collection":[{"href":"https:\/\/www.kendogroningen.nl\/wordpress\/index.php?rest_route=\/wp\/v2\/pages"}],"about":[{"href":"https:\/\/www.kendogroningen.nl\/wordpress\/index.php?rest_route=\/wp\/v2\/types\/page"}],"author":[{"embeddable":true,"href":"https:\/\/www.kendogroningen.nl\/wordpress\/index.php?rest_route=\/wp\/v2\/users\/25"}],"replies":[{"embeddable":true,"href":"https:\/\/www.kendogroningen.nl\/wordpress\/index.php?rest_route=%2Fwp%2Fv2%2Fcomments&post=691"}],"version-history":[{"count":3,"href":"https:\/\/www.kendogroningen.nl\/wordpress\/index.php?rest_route=\/wp\/v2\/pages\/691\/revisions"}],"predecessor-version":[{"id":694,"href":"https:\/\/www.kendogroningen.nl\/wordpress\/index.php?rest_route=\/wp\/v2\/pages\/691\/revisions\/694"}],"wp:attachment":[{"href":"https:\/\/www.kendogroningen.nl\/wordpress\/index.php?rest_route=%2Fwp%2Fv2%2Fmedia&parent=691"}],"curies":[{"name":"wp","href":"https:\/\/api.w.org\/{rel}","templated":true}]}}