{"id":664,"date":"2011-03-26T17:32:57","date_gmt":"2011-03-26T15:32:57","guid":{"rendered":"http:\/\/www.kendogroningen.nl\/wordpress\/?page_id=664"},"modified":"2015-05-31T19:16:14","modified_gmt":"2015-05-31T17:16:14","slug":"shinbukan-french","status":"publish","type":"page","link":"https:\/\/www.kendogroningen.nl\/wordpress\/?page_id=664","title":{"rendered":"Shinbukan &#8211; Fran\u00e7aise"},"content":{"rendered":"<p><span style=\"font-size: small;\"><strong><span style=\"text-decoration: underline;\">Bienvenue<\/span><\/strong><strong><span style=\"text-decoration: underline;\"> au club Shin Kan Bu!<\/span><\/strong><\/span><\/p>\n<p><strong><span style=\"text-decoration: underline;\"><span style=\"font-size: small;\">L&#8217;<\/span><\/span><\/strong><span style=\"font-size: small;\"><strong><span style=\"text-decoration: underline;\">association\u00a0:<\/span><br \/>\n<\/strong>Le Club de Kendo Shin Bu Kan a \u00e9t\u00e9 fond\u00e9 en 1975 par Anton Kemmerling et Jan Snakenborg. Le club est adh\u00e9rant \u00e0 la <em>Nederlandse Kendo Renmei <\/em>(www.nkr.nl). Willem Riesenkamp 4<sup>\u00e8me<\/sup> Dan est l\u2019instructeur-chef. Il est avec Andreas Kroeze un des senseis du dojo. Andreas Kroeze fut pendant quelques ann\u00e9es un membre de l&#8217;\u00e9quipe nationale hollandaise de kendo. Farley Fukur 3<sup>\u00e8me<\/sup> Dan en kendo, iaido et jodo est le chef-adjoint du dojo.<strong><\/strong><\/span><\/p>\n<p><span style=\"font-size: small;\">En outre l\u2019association compte trois \u00e9tudiants de 2<sup>nd<\/sup> Dan, quatre personnes de 1<sup>er<\/sup> Dan, deux personnes quoi ont le grade 1<sup>er<\/sup> Kyu, et environ 10 \u00e9tudiants sans grade.<\/span><\/p>\n<p><span style=\"font-size: small;\">Le plus important au kendo<\/span><span style=\"font-size: small;\"> est le d\u00e9sir de s\u2019am\u00e9liorer, de se d\u00e9velopper.<br \/>\nLa devise de l&#8217;association est:<br \/>\n<em>&#8220;Il n&#8217;ya aucune honte \u00e0 aller de l&#8217;avant lentement. La honte c&#8217;est tout simplement de rester immobile. &#8220;<\/em><\/span><\/p>\n<p><span style=\"font-size: small;\">Si vous \u00eates membre d&#8217;un autre club de kendo aux Pays-Bas ou \u00e0 l&#8217;\u00e9tranger, nous vous invitons cordialement \u00e0 venir pratiquer avec nous. Cependant, nous ne faisons pas des le\u00e7ons priv\u00e9es.<\/span><\/p>\n<p><span style=\"font-size: small;\">\u00a0<\/span><strong><span style=\"text-decoration: underline;\"><span style=\"font-size: small;\">Connexions\u00a0:<\/span><\/span><\/strong><\/p>\n<p><span style=\"font-size: small;\">Nous avons des liens \u00e9troits avec les clubs de kendo Suirankan \u00e0 Meppel, Renbukan \u00e0 Maastricht, Seikenjuku \u00e0 Oldenburg ainsi qu\u2019\u00e0 Aawa-ken \u00e0 Dietzenbach, pr\u00e8s de Francfort.<br \/>\n<\/span><span style=\"font-size: small;\">Nous sommes aussi li\u00e9s \u00e0 l&#8217;Association d\u2019Iaido de Kendo Ikedashi \u00e0 Ikedacity, Osaka(Japon) gr\u00e2ce \u00e0 un \u00e9tudiant, lors d\u2019un programme d\u2019\u00e9change avec le Japon.<\/span><\/p>\n<p><span style=\"font-size: small;\">Il y a quelques ann\u00e9es, nous nous sommes entrain\u00e9s quelques jours avec l\u2019association de Kendo de Narbonne (France)\u00a0; vous pouvez voir sur le lien suivant une interview avec le sensei Francis Saget ainsi que l\u2019entra\u00eenement commun: http:\/\/fr.kendincos.net\/video-vhftvndl-sport-kendo-narbonne.html<\/span><\/p>\n<p><span style=\"font-family: Times New Roman; font-size: small;\">\u00a0<\/span><strong><span style=\"text-decoration: underline;\"><span style=\"font-size: small;\">Contacts:<br \/>\n<\/span><\/span><\/strong><span style=\"text-decoration: underline;\"><span style=\"font-size: small;\">Chef-instructeur:<br \/>\n<\/span><\/span><span style=\"font-size: small;\">Willem Riesenkamp<br \/>\n<\/span><span style=\"font-size: small;\">Telephone: 050-3130684<br \/>\n<\/span><span style=\"font-size: small;\">E-mail: willem@wilbo.demon.nl<\/span><\/p>\n<p><span style=\"text-decoration: underline;\"><span style=\"font-size: small;\">Webmaster:<br \/>\n<\/span><\/span><span style=\"font-size: small;\">Wim Horenberg<br \/>\n<\/span><span style=\"font-size: small;\">E-mail: w.j.horenberg@home.nl<\/span><\/p>\n<p><strong><span style=\"text-decoration: underline;\"><span style=\"font-size: small;\">Emploi du temps des entra\u00eenements:<br \/>\n<\/span><\/span><\/strong><span style=\"text-decoration: underline;\"><span style=\"font-size: small;\">Vous pouvez nous rendre visite:<br \/>\n<\/span><\/span><span style=\"font-size: small;\">Lundi de 20.30 heures \u00e0 22 heures pour la classe des \u201cmedium\/advanced\u201d<br \/>\n<\/span><span style=\"font-size: small;\">Mercredi de 20 heures \u00e0 22heures pour la classe des d\u00e9butants et \u201cmedium\/advanced\u201d<br \/>\n<\/span><span style=\"font-size: small;\">Samedi de 10.30 heures \u00e0 12 heures pour la classe des \u201cadvanced\u201d<\/span><\/p>\n<p><strong><span style=\"text-decoration: underline;\"><span style=\"font-size: small;\">Emplacement du Dojo :<\/span><\/span><\/strong><\/p>\n<p><span style=\"font-size: small;\">Nous pratiquons dans \u00ab Danszaal Corpushuys \u00bb<\/span><\/p>\n<p><span style=\"text-decoration: underline;\"><span style=\"font-size: small;\">Adresse:<\/span><\/span><br \/>\nVan Swietenlaan 1<br \/>\n9728 NX Groningen<br \/>\nNetherlands<\/p>\n","protected":false},"excerpt":{"rendered":"<p>Bienvenue au club Shin Kan Bu! L&#8217;association\u00a0: Le Club de Kendo Shin Bu Kan a \u00e9t\u00e9 fond\u00e9 en 1975 par Anton Kemmerling et Jan Snakenborg. Le club est adh\u00e9rant \u00e0 [&hellip;]<\/p>\n","protected":false},"author":25,"featured_media":0,"parent":0,"menu_order":0,"comment_status":"open","ping_status":"open","template":"","meta":{"footnotes":""},"class_list":["post-664","page","type-page","status-publish","hentry"],"_links":{"self":[{"href":"https:\/\/www.kendogroningen.nl\/wordpress\/index.php?rest_route=\/wp\/v2\/pages\/664","targetHints":{"allow":["GET"]}}],"collection":[{"href":"https:\/\/www.kendogroningen.nl\/wordpress\/index.php?rest_route=\/wp\/v2\/pages"}],"about":[{"href":"https:\/\/www.kendogroningen.nl\/wordpress\/index.php?rest_route=\/wp\/v2\/types\/page"}],"author":[{"embeddable":true,"href":"https:\/\/www.kendogroningen.nl\/wordpress\/index.php?rest_route=\/wp\/v2\/users\/25"}],"replies":[{"embeddable":true,"href":"https:\/\/www.kendogroningen.nl\/wordpress\/index.php?rest_route=%2Fwp%2Fv2%2Fcomments&post=664"}],"version-history":[{"count":7,"href":"https:\/\/www.kendogroningen.nl\/wordpress\/index.php?rest_route=\/wp\/v2\/pages\/664\/revisions"}],"predecessor-version":[{"id":667,"href":"https:\/\/www.kendogroningen.nl\/wordpress\/index.php?rest_route=\/wp\/v2\/pages\/664\/revisions\/667"}],"wp:attachment":[{"href":"https:\/\/www.kendogroningen.nl\/wordpress\/index.php?rest_route=%2Fwp%2Fv2%2Fmedia&parent=664"}],"curies":[{"name":"wp","href":"https:\/\/api.w.org\/{rel}","templated":true}]}}