{"id":626,"date":"2011-03-11T14:19:23","date_gmt":"2011-03-11T12:19:23","guid":{"rendered":"http:\/\/www.kendogroningen.nl\/wordpress\/?page_id=626"},"modified":"2015-05-31T19:12:57","modified_gmt":"2015-05-31T17:12:57","slug":"deutsch","status":"publish","type":"page","link":"https:\/\/www.kendogroningen.nl\/wordpress\/?page_id=626","title":{"rendered":"Shinbukan &#8211; Deutsch"},"content":{"rendered":"<p><strong>Der Verein<\/strong><\/p>\n<p>Der Kendoverein Shin-Bu-Kan wurde 1975 von Anton Kemmerling und Jan Snakenborg gegr\u00fcndet. Das Dojo geh\u00f6rt dem Niederl\u00e4ndischen Nationalverband, der \u201eNederlandse Kendo Renmei\u201c (<a href=\"http:\/\/www.nkr.nl\" target=\"_blank\">www.nkr.nl<\/a>), an. Dojoleiter und Sensei Willem Riesenkamp ist 4. Dan Kendo, ebenso wie Andreas Kroeze Sensei, der einige Jahre lang Mitglied des Niederl\u00e4ndischen Nationalteams war. Farley Fukur, 3. Dan Kendo, Iadio und Jodo, ist stellvertretender Dojoleiter. Zus\u00e4tzlich trainieren im Shin-Bu-Kann Dojo drei Kendoka mit 2. Dan und vier mit dem 1. Dan Kendo. Zwei Sch\u00fcler tragen den 1. Kyu, und ungef\u00e4hr 10 weitere Sch\u00fcler ohne Graduierung trainieren im Verein.<\/p>\n<p>Es wird als wichtig erachtet, sich durch das Kendo Training weiter zu entwickeln.<br \/>\nDas Motto unseres Vereins ist:<br \/>\n<em>\u201eEs ist nicht schlimm, sich nur langsam zu verbessern. Aber es ist eine Schande, stehen zu bleiben.\u201c<\/em><\/p>\n<p>Wenn Sie Kendo bei einem Kendoclub im In- oder Ausland praktizieren, sind Sie jederzeit herzlich eingeladen, mit uns mit zu trainieren. Wir m\u00f6chten Sie jedoch darauf hinweisen, dass wir keinen Privatunterricht geben.<\/p>\n<p><strong>Befreundete Dojos<\/strong><br \/>\nWir stehen im freundlichen Kontakt mit den Kendoclubs <a href=\"http:\/\/www.suirankan.nl\/\" target=\"_blank\">Suirankan <\/a>in Meppel, Renbukan in Maastricht, dem Oldenburger Verein Seikenjuku und dem Noru-ken Kendo Dojo in Dietzenbach bei Frankfurt.<br \/>\nDurch einen Austauschstudenten haben wir Verbindung zur Ikedashi Kendo Iaido Association in Ikedacity, Osaka, Japan.<\/p>\n<p><strong>Kontakt<br \/>\n<\/strong>Dojoleiter: Willem Riesenkamp<br \/>\nTelefon: +31 (0)50 3130684<br \/>\nE-mail: willem@wilbo.demon.nl<\/p>\n<p>Webmaster: Wim Horenberg<br \/>\nEmail: wjhorenberg@home.nl<\/p>\n<p><strong>\u00dcbungszeiten<br \/>\n<\/strong>Dienstag 20:00 \u2013 21:00: Anf\u00e4ngertraining<br \/>\nDienstag 21:00 \u2013 22:00: Training f\u00fcr m\u00e4\u00dfig Fortgeschrittene &amp; Fortgeschrittene<br \/>\nSamstag 11:00 \u2013 13:00: Training f\u00fcr Fortgeschrittene<\/p>\n<p><strong>Ort<br \/>\n<\/strong>Wir trainieren im Danszaal Corpushuys. Die genaue Adresse lautet:<br \/>\nVan Swietenlaan 1<br \/>\n9728 NX Groningen<br \/>\nNiederlande<\/p>\n","protected":false},"excerpt":{"rendered":"<p>Der Verein Der Kendoverein Shin-Bu-Kan wurde 1975 von Anton Kemmerling und Jan Snakenborg gegr\u00fcndet. Das Dojo geh\u00f6rt dem Niederl\u00e4ndischen Nationalverband, der \u201eNederlandse Kendo Renmei\u201c (www.nkr.nl), an. Dojoleiter und Sensei Willem [&hellip;]<\/p>\n","protected":false},"author":25,"featured_media":0,"parent":0,"menu_order":0,"comment_status":"open","ping_status":"open","template":"","meta":{"footnotes":""},"class_list":["post-626","page","type-page","status-publish","hentry"],"_links":{"self":[{"href":"https:\/\/www.kendogroningen.nl\/wordpress\/index.php?rest_route=\/wp\/v2\/pages\/626","targetHints":{"allow":["GET"]}}],"collection":[{"href":"https:\/\/www.kendogroningen.nl\/wordpress\/index.php?rest_route=\/wp\/v2\/pages"}],"about":[{"href":"https:\/\/www.kendogroningen.nl\/wordpress\/index.php?rest_route=\/wp\/v2\/types\/page"}],"author":[{"embeddable":true,"href":"https:\/\/www.kendogroningen.nl\/wordpress\/index.php?rest_route=\/wp\/v2\/users\/25"}],"replies":[{"embeddable":true,"href":"https:\/\/www.kendogroningen.nl\/wordpress\/index.php?rest_route=%2Fwp%2Fv2%2Fcomments&post=626"}],"version-history":[{"count":9,"href":"https:\/\/www.kendogroningen.nl\/wordpress\/index.php?rest_route=\/wp\/v2\/pages\/626\/revisions"}],"predecessor-version":[{"id":1239,"href":"https:\/\/www.kendogroningen.nl\/wordpress\/index.php?rest_route=\/wp\/v2\/pages\/626\/revisions\/1239"}],"wp:attachment":[{"href":"https:\/\/www.kendogroningen.nl\/wordpress\/index.php?rest_route=%2Fwp%2Fv2%2Fmedia&parent=626"}],"curies":[{"name":"wp","href":"https:\/\/api.w.org\/{rel}","templated":true}]}}