{"id":2463,"date":"2022-06-28T20:07:33","date_gmt":"2022-06-28T18:07:33","guid":{"rendered":"https:\/\/www.kendogroningen.nl\/wordpress\/?page_id=2463"},"modified":"2022-06-28T20:07:34","modified_gmt":"2022-06-28T18:07:34","slug":"shinbukan-portugese","status":"publish","type":"page","link":"https:\/\/www.kendogroningen.nl\/wordpress\/?page_id=2463","title":{"rendered":"Shinbukan Portugese"},"content":{"rendered":"\n<p>Bem vindo ao clube de kendo Shin Bu Kan! 25-06-2022<\/p>\n\n\n\n<h1 class=\"wp-block-heading\"><a><\/a> <strong>Sobre o clube<\/strong><\/h1>\n\n\n\n<p>O clube de kendo ShinBuKan foi fundado em 1975 por Anton Kemmerling e Jan Snakenborg. O clube faz parte da Federa\u00e7\u00e3o Neerlandesa de Kendo (Nederlandse Kendo Renmei <a href=\"http:\/\/www.nkr.nl\/\"><u>www.nkr.nl<\/u><\/a>).<br>O l\u00edder e instrutor (<em>sensei<\/em>) principal do dojo, Willem Riesenkamp, possui o n\u00edvel de 5\u00ba Dan, assim como o sensei Andreas Kroeze. Kroeze fez parte do time nacional Neerland\u00eas por alguns anos. Martin van Dijk (5\u00ba Dan) come\u00e7ou em Groningen e agora \u00e9 sensei no dojo em Meppel.<\/p>\n\n\n\n<p>O Vice-l\u00edder do dojo \u00e9 Farley Fuku, 4\u00ba Dan em kendo, 3\u00ba Dan em Iaido e Jodo.<\/p>\n\n\n\n<p>Um de nossos membros atualmente faz parte do time nacional feminino e 4\u00ba Dan, e se mudou para Rotterdam.<\/p>\n\n\n\n<p>Adicionalmente, h\u00e1 cerca de seis membros com 3\u00ba Dan, quatro com 2\u00ba Dan, e cinco 1\u00ba Dan. Cerca de 10 membros possuem Kyu n\u00edveis ou n\u00e3o possuem n\u00edveis oficialmente.<\/p>\n\n\n\n<p>O mais importante \u00e9 o desejo de se desenvolver como pessoa atrav\u00e9s da pr\u00e1tica de Kendo. O lema do nosso clube:<br>&#8220;N\u00e3o h\u00e1 vergonha em avan\u00e7ar lentamente. \u00c9 uma pena apenas parar de praticar.&#8221;<\/p>\n\n\n\n<p><br>Se voc\u00ea j\u00e1 \u00e9 membro de outro clube, dos Pa\u00edses Baixos ou de qualquer outro lugar, considere-se cordialmente convidado para treinar conosco. Por\u00e9m, n\u00f3s n\u00e3o oferecemos aulas particulares.<\/p>\n\n\n\n<p>Nossos membros possuem diversas nacionalidades, portanto seja bem vindo!<br><br><\/p>\n\n\n\n<p><strong>Conex\u00f5es:<\/strong><\/p>\n\n\n\n<p>N\u00f3s temos fortes colabora\u00e7\u00f5es com os clubes &nbsp;<a href=\"http:\/\/www.suirankan.nl\/\"><u>Suirankan&nbsp;<\/u><\/a>em Meppel, Seikenjuku em Oldenburg e Noru-ken em Dietzenbach, pr\u00f3ximo a Frankfurt.<\/p>\n\n\n\n<p><strong>Contatos<\/strong>:<\/p>\n\n\n\n<p>Instrutor principal:<br>Willem Riesenkamp<br>Telephone: 050-3130684<br>email: <a href=\"mailto:willem@wilbo.demon.nl\"><u>willem@wilbo.demon.nl<\/u><\/a><\/p>\n\n\n\n<p>Webmaster:<br>Wim Horenberg<br>email: <a href=\"mailto:wjhorenberg@home.nl\"><u>wjhorenberg@home.nl<\/u><\/a><\/p>\n\n\n\n<p><strong>Hor\u00e1rios de treinamento:<\/strong><\/p>\n\n\n\n<p>Voc\u00ea pode nos visitar nos seguintes hor\u00e1rios:<\/p>\n\n\n\n<p>Segunda-feira 8.30 pm \u2013 10 pm:<\/p>\n\n\n\n<p>Quinta-feira 7:30 pm \u2013 9:30 pm<\/p>\n\n\n\n<p>S\u00e1bado 10.30am \u2013 12 am<\/p>\n\n\n\n<p><strong>Endere\u00e7o do Dojo:<\/strong><\/p>\n\n\n\n<p>Alfa college<\/p>\n\n\n\n<p>Kardingerweg 48.<\/p>\n\n\n\n<p>9735 AH Groningen<\/p>\n","protected":false},"excerpt":{"rendered":"<p>Bem vindo ao clube de kendo Shin Bu Kan! 25-06-2022 Sobre o clube O clube de kendo ShinBuKan foi fundado em 1975 por Anton Kemmerling e Jan Snakenborg. O clube [&hellip;]<\/p>\n","protected":false},"author":25,"featured_media":0,"parent":0,"menu_order":0,"comment_status":"closed","ping_status":"closed","template":"","meta":{"footnotes":""},"class_list":["post-2463","page","type-page","status-publish","hentry"],"_links":{"self":[{"href":"https:\/\/www.kendogroningen.nl\/wordpress\/index.php?rest_route=\/wp\/v2\/pages\/2463","targetHints":{"allow":["GET"]}}],"collection":[{"href":"https:\/\/www.kendogroningen.nl\/wordpress\/index.php?rest_route=\/wp\/v2\/pages"}],"about":[{"href":"https:\/\/www.kendogroningen.nl\/wordpress\/index.php?rest_route=\/wp\/v2\/types\/page"}],"author":[{"embeddable":true,"href":"https:\/\/www.kendogroningen.nl\/wordpress\/index.php?rest_route=\/wp\/v2\/users\/25"}],"replies":[{"embeddable":true,"href":"https:\/\/www.kendogroningen.nl\/wordpress\/index.php?rest_route=%2Fwp%2Fv2%2Fcomments&post=2463"}],"version-history":[{"count":1,"href":"https:\/\/www.kendogroningen.nl\/wordpress\/index.php?rest_route=\/wp\/v2\/pages\/2463\/revisions"}],"predecessor-version":[{"id":2464,"href":"https:\/\/www.kendogroningen.nl\/wordpress\/index.php?rest_route=\/wp\/v2\/pages\/2463\/revisions\/2464"}],"wp:attachment":[{"href":"https:\/\/www.kendogroningen.nl\/wordpress\/index.php?rest_route=%2Fwp%2Fv2%2Fmedia&parent=2463"}],"curies":[{"name":"wp","href":"https:\/\/api.w.org\/{rel}","templated":true}]}}